{"id":408,"date":"2023-07-10T08:34:02","date_gmt":"2023-07-10T08:34:02","guid":{"rendered":"https:\/\/themecrafter.com\/kyber\/elementor\/?page_id=408"},"modified":"2023-07-10T08:34:02","modified_gmt":"2023-07-10T08:34:02","slug":"our-services","status":"publish","type":"page","link":"https:\/\/elegant-chebyshev.89-116-26-191.plesk.page\/index.php\/our-services\/","title":{"rendered":"Our Services"},"content":{"rendered":"\t\t<div data-elementor-type=\"wp-page\" data-elementor-id=\"408\" class=\"elementor elementor-408\">\n\t\t\t\t\t\t<section class=\"elementor-section elementor-top-section elementor-element elementor-element-d0153d9 elementor-section-boxed elementor-section-height-default elementor-section-height-default cd-bg-color-transparent\" data-id=\"d0153d9\" data-element_type=\"section\" data-e-type=\"section\">\n\t\t\t\t\t\t<div class=\"elementor-container elementor-column-gap-no\">\n\t\t\t\t\t<div class=\"elementor-column elementor-col-100 elementor-top-column elementor-element elementor-element-8f9a943 cd-bg-color-transparent\" data-id=\"8f9a943\" data-element_type=\"column\" data-e-type=\"column\">\n\t\t\t<div class=\"elementor-widget-wrap elementor-element-populated\">\n\t\t\t\t\t\t<div class=\"elementor-element elementor-element-1a00f9b elementor-widget elementor-widget-kyber-services\" data-id=\"1a00f9b\" data-element_type=\"widget\" data-e-type=\"widget\" data-widget_type=\"kyber-services.default\">\n\t\t\t\t<div class=\"elementor-widget-container\">\n\t\t\t\t\t\t\t<div class=\"kyber-services-1633141772 kyber-elementor-widget kyber_services_wrapper services-style-1 services-layout-grid\">\r\n\t\t\t<div class=\"row\">\r\n\t\t\t<div class=\"col-xl-4 col-lg-4 col-md-6 col-sm-12\">\r\n\t\t\t<div class=\"kyber-service-slide\">\r\n\t<div class=\"kyber-service-service-wrapper\">\t\t\t\t\r\n\t\t<div class=\"kyber-service-service-thumbnail-wrapper\">\r\n\t\t\t\t\t\t<div class=\"kyber-service-image-container\">\r\n\t\t\t\t\t\t\t\t\t<img decoding=\"async\" class=\"service-image\" src=\"https:\/\/elegant-chebyshev.89-116-26-191.plesk.page\/wp-content\/uploads\/2023\/07\/blog-01-600x340.jpg\" alt=\"Topografia Cl\u00e1ssica\">\r\n\t\t\t\t\t\t\t\t<\/div>\t\t\t\t\t\r\n\t\t<\/div>\r\n\t\t<div class=\"kyber-service-content-cover\">\r\n\t\t\t<div class=\"kyber-service-date\">\r\n\t\t\t\t\t\t\t<i class=\"flaticon-skyline\"><\/i>\r\n\t\t\t\t\t\t\t<\/div>\r\n\t\t\t<div class=\"kyber-service-title\">\r\n\t\t\t\t<h3 class=\"service-title\">Topografia Cl\u00e1ssica<\/h3>\r\n\t\t\t<\/div>\r\n\t\t\t<div class=\"kyber-service-content\">\t\t\t\t\t\t\r\n\t\t\t\t<p>There are many construction project has the design has been completed available by the Professional<\/p>\n\t\t\t\t<a href=\"https:\/\/elegant-chebyshev.89-116-26-191.plesk.page\/index.php\/service\/topografia-classica\/\">Read More<\/a>\r\n\t\t\t<\/div>\r\n\t\t<\/div>\r\n\t<\/div>\r\n<\/div>\t\t<\/div>\r\n\t\t\t\t<div class=\"col-xl-4 col-lg-4 col-md-6 col-sm-12\">\r\n\t\t\t<div class=\"kyber-service-slide\">\r\n\t<div class=\"kyber-service-service-wrapper\">\t\t\t\t\r\n\t\t<div class=\"kyber-service-service-thumbnail-wrapper\">\r\n\t\t\t\t\t\t<div class=\"kyber-service-image-container\">\r\n\t\t\t\t\t\t\t\t\t<img decoding=\"async\" class=\"service-image\" src=\"https:\/\/elegant-chebyshev.89-116-26-191.plesk.page\/wp-content\/uploads\/2023\/07\/blog-02-600x340.jpg\" alt=\"Fiscaliza\u00e7\u00e3o e Implanta\u00e7\u00e3o de Obras\">\r\n\t\t\t\t\t\t\t\t<\/div>\t\t\t\t\t\r\n\t\t<\/div>\r\n\t\t<div class=\"kyber-service-content-cover\">\r\n\t\t\t<div class=\"kyber-service-date\">\r\n\t\t\t\t\t\t\t<i class=\"flaticon-location\"><\/i>\r\n\t\t\t\t\t\t\t<\/div>\r\n\t\t\t<div class=\"kyber-service-title\">\r\n\t\t\t\t<h3 class=\"service-title\">Fiscaliza\u00e7\u00e3o e Implanta\u00e7\u00e3o de Obras<\/h3>\r\n\t\t\t<\/div>\r\n\t\t\t<div class=\"kyber-service-content\">\t\t\t\t\t\t\r\n\t\t\t\t<p>There are many construction project has the design has been completed available by the Professional<\/p>\n\t\t\t\t<a href=\"https:\/\/elegant-chebyshev.89-116-26-191.plesk.page\/index.php\/service\/fiscalizacao-e-implantacao-de-obras\/\">Read More<\/a>\r\n\t\t\t<\/div>\r\n\t\t<\/div>\r\n\t<\/div>\r\n<\/div>\t\t<\/div>\r\n\t\t\t\t<div class=\"col-xl-4 col-lg-4 col-md-6 col-sm-12\">\r\n\t\t\t<div class=\"kyber-service-slide\">\r\n\t<div class=\"kyber-service-service-wrapper\">\t\t\t\t\r\n\t\t<div class=\"kyber-service-service-thumbnail-wrapper\">\r\n\t\t\t\t\t\t<div class=\"kyber-service-image-container\">\r\n\t\t\t\t\t\t\t\t\t<img decoding=\"async\" class=\"service-image\" src=\"https:\/\/elegant-chebyshev.89-116-26-191.plesk.page\/wp-content\/uploads\/2023\/07\/blog-01-600x340.jpg\" alt=\"Batimetria\">\r\n\t\t\t\t\t\t\t\t<\/div>\t\t\t\t\t\r\n\t\t<\/div>\r\n\t\t<div class=\"kyber-service-content-cover\">\r\n\t\t\t<div class=\"kyber-service-date\">\r\n\t\t\t\t\t\t\t<i class=\"flaticon-survey-1\"><\/i>\r\n\t\t\t\t\t\t\t<\/div>\r\n\t\t\t<div class=\"kyber-service-title\">\r\n\t\t\t\t<h3 class=\"service-title\">Batimetria<\/h3>\r\n\t\t\t<\/div>\r\n\t\t\t<div class=\"kyber-service-content\">\t\t\t\t\t\t\r\n\t\t\t\t<p>There are many construction project has the design has been completed available by the Professional<\/p>\n\t\t\t\t<a href=\"https:\/\/elegant-chebyshev.89-116-26-191.plesk.page\/index.php\/service\/batimetria\/\">Read More<\/a>\r\n\t\t\t<\/div>\r\n\t\t<\/div>\r\n\t<\/div>\r\n<\/div>\t\t<\/div>\r\n\t\t\t\t<div class=\"col-xl-4 col-lg-4 col-md-6 col-sm-12\">\r\n\t\t\t<div class=\"kyber-service-slide\">\r\n\t<div class=\"kyber-service-service-wrapper\">\t\t\t\t\r\n\t\t<div class=\"kyber-service-service-thumbnail-wrapper\">\r\n\t\t\t\t\t\t<div class=\"kyber-service-image-container\">\r\n\t\t\t\t\t\t\t\t\t<img decoding=\"async\" class=\"service-image\" src=\"https:\/\/elegant-chebyshev.89-116-26-191.plesk.page\/wp-content\/uploads\/2023\/07\/blog-02-600x340.jpg\" alt=\"Aerofotogrametria\">\r\n\t\t\t\t\t\t\t\t<\/div>\t\t\t\t\t\r\n\t\t<\/div>\r\n\t\t<div class=\"kyber-service-content-cover\">\r\n\t\t\t<div class=\"kyber-service-date\">\r\n\t\t\t\t\t\t\t<i class=\"flaticon-motorway\"><\/i>\r\n\t\t\t\t\t\t\t<\/div>\r\n\t\t\t<div class=\"kyber-service-title\">\r\n\t\t\t\t<h3 class=\"service-title\">Aerofotogrametria<\/h3>\r\n\t\t\t<\/div>\r\n\t\t\t<div class=\"kyber-service-content\">\t\t\t\t\t\t\r\n\t\t\t\t<p>There are many construction project has the design has been completed available by the Professional<\/p>\n\t\t\t\t<a href=\"https:\/\/elegant-chebyshev.89-116-26-191.plesk.page\/index.php\/service\/aerofotogrametria\/\">Read More<\/a>\r\n\t\t\t<\/div>\r\n\t\t<\/div>\r\n\t<\/div>\r\n<\/div>\t\t<\/div>\r\n\t\t\t\t<div class=\"col-xl-4 col-lg-4 col-md-6 col-sm-12\">\r\n\t\t\t<div class=\"kyber-service-slide\">\r\n\t<div class=\"kyber-service-service-wrapper\">\t\t\t\t\r\n\t\t<div class=\"kyber-service-service-thumbnail-wrapper\">\r\n\t\t\t\t\t\t<div class=\"kyber-service-image-container\">\r\n\t\t\t\t\t\t\t\t\t<img decoding=\"async\" class=\"service-image\" src=\"https:\/\/elegant-chebyshev.89-116-26-191.plesk.page\/wp-content\/uploads\/2023\/07\/blog-01-600x340.jpg\" alt=\"GIS &amp; Mapping\">\r\n\t\t\t\t\t\t\t\t<\/div>\t\t\t\t\t\r\n\t\t<\/div>\r\n\t\t<div class=\"kyber-service-content-cover\">\r\n\t\t\t<div class=\"kyber-service-date\">\r\n\t\t\t\t\t\t\t<i class=\"flaticon-urban\"><\/i>\r\n\t\t\t\t\t\t\t<\/div>\r\n\t\t\t<div class=\"kyber-service-title\">\r\n\t\t\t\t<h3 class=\"service-title\">GIS &amp; Mapping<\/h3>\r\n\t\t\t<\/div>\r\n\t\t\t<div class=\"kyber-service-content\">\t\t\t\t\t\t\r\n\t\t\t\t<p>There are many construction project has the design has been completed available by the Professional<\/p>\n\t\t\t\t<a href=\"https:\/\/elegant-chebyshev.89-116-26-191.plesk.page\/index.php\/service\/gis-mapping\/\">Read More<\/a>\r\n\t\t\t<\/div>\r\n\t\t<\/div>\r\n\t<\/div>\r\n<\/div>\t\t<\/div>\r\n\t\t\t\t<div class=\"col-xl-4 col-lg-4 col-md-6 col-sm-12\">\r\n\t\t\t<div class=\"kyber-service-slide\">\r\n\t<div class=\"kyber-service-service-wrapper\">\t\t\t\t\r\n\t\t<div class=\"kyber-service-service-thumbnail-wrapper\">\r\n\t\t\t\t\t\t<div class=\"kyber-service-image-container\">\r\n\t\t\t\t\t\t\t\t\t<img decoding=\"async\" class=\"service-image\" src=\"https:\/\/elegant-chebyshev.89-116-26-191.plesk.page\/wp-content\/uploads\/2023\/07\/blog-02-600x340.jpg\" alt=\"Laser Scanning\">\r\n\t\t\t\t\t\t\t\t<\/div>\t\t\t\t\t\r\n\t\t<\/div>\r\n\t\t<div class=\"kyber-service-content-cover\">\r\n\t\t\t<div class=\"kyber-service-date\">\r\n\t\t\t\t\t\t\t<i class=\"flaticon-laser-cutting-machine\"><\/i>\r\n\t\t\t\t\t\t\t<\/div>\r\n\t\t\t<div class=\"kyber-service-title\">\r\n\t\t\t\t<h3 class=\"service-title\">Laser Scanning<\/h3>\r\n\t\t\t<\/div>\r\n\t\t\t<div class=\"kyber-service-content\">\t\t\t\t\t\t\r\n\t\t\t\t<p>There are many construction project has the design has been completed available by the Professional<\/p>\n\t\t\t\t<a href=\"https:\/\/elegant-chebyshev.89-116-26-191.plesk.page\/index.php\/service\/laser-scanning\/\">Read More<\/a>\r\n\t\t\t<\/div>\r\n\t\t<\/div>\r\n\t<\/div>\r\n<\/div>\t\t<\/div>\r\n\t\t\t\t<div class=\"col-xl-4 col-lg-4 col-md-6 col-sm-12\">\r\n\t\t\t<div class=\"kyber-service-slide\">\r\n\t<div class=\"kyber-service-service-wrapper\">\t\t\t\t\r\n\t\t<div class=\"kyber-service-service-thumbnail-wrapper\">\r\n\t\t\t\t\t\t<div class=\"kyber-service-image-container\">\r\n\t\t\t\t\t\t\t\t\t<img decoding=\"async\" class=\"service-image\" src=\"https:\/\/elegant-chebyshev.89-116-26-191.plesk.page\/wp-content\/uploads\/2023\/07\/blog-01-600x340.jpg\" alt=\"Aerial Data Collection\">\r\n\t\t\t\t\t\t\t\t<\/div>\t\t\t\t\t\r\n\t\t<\/div>\r\n\t\t<div class=\"kyber-service-content-cover\">\r\n\t\t\t<div class=\"kyber-service-date\">\r\n\t\t\t\t\t\t\t<i class=\"flaticon-factory\"><\/i>\r\n\t\t\t\t\t\t\t<\/div>\r\n\t\t\t<div class=\"kyber-service-title\">\r\n\t\t\t\t<h3 class=\"service-title\">Aerial Data Collection<\/h3>\r\n\t\t\t<\/div>\r\n\t\t\t<div class=\"kyber-service-content\">\t\t\t\t\t\t\r\n\t\t\t\t<p>There are many construction project has the design has been completed available by the Professional<\/p>\n\t\t\t\t<a href=\"https:\/\/elegant-chebyshev.89-116-26-191.plesk.page\/index.php\/service\/aerial-data-collection\/\">Read More<\/a>\r\n\t\t\t<\/div>\r\n\t\t<\/div>\r\n\t<\/div>\r\n<\/div>\t\t<\/div>\r\n\t\t\t\t<div class=\"col-xl-4 col-lg-4 col-md-6 col-sm-12\">\r\n\t\t\t<div class=\"kyber-service-slide\">\r\n\t<div class=\"kyber-service-service-wrapper\">\t\t\t\t\r\n\t\t<div class=\"kyber-service-service-thumbnail-wrapper\">\r\n\t\t\t\t\t\t<div class=\"kyber-service-image-container\">\r\n\t\t\t\t\t\t\t\t\t<img decoding=\"async\" class=\"service-image\" src=\"https:\/\/elegant-chebyshev.89-116-26-191.plesk.page\/wp-content\/uploads\/2023\/07\/blog-02-600x340.jpg\" alt=\"Engineering Support\">\r\n\t\t\t\t\t\t\t\t<\/div>\t\t\t\t\t\r\n\t\t<\/div>\r\n\t\t<div class=\"kyber-service-content-cover\">\r\n\t\t\t<div class=\"kyber-service-date\">\r\n\t\t\t\t\t\t\t<i class=\"flaticon-skyline\"><\/i>\r\n\t\t\t\t\t\t\t<\/div>\r\n\t\t\t<div class=\"kyber-service-title\">\r\n\t\t\t\t<h3 class=\"service-title\">Engineering Support<\/h3>\r\n\t\t\t<\/div>\r\n\t\t\t<div class=\"kyber-service-content\">\t\t\t\t\t\t\r\n\t\t\t\t<p>There are many construction project has the design has been completed available by the Professional<\/p>\n\t\t\t\t<a href=\"https:\/\/elegant-chebyshev.89-116-26-191.plesk.page\/index.php\/service\/engineering-support\/\">Read More<\/a>\r\n\t\t\t<\/div>\r\n\t\t<\/div>\r\n\t<\/div>\r\n<\/div>\t\t<\/div>\r\n\t\t\t\t<div class=\"col-xl-4 col-lg-4 col-md-6 col-sm-12\">\r\n\t\t\t<div class=\"kyber-service-slide\">\r\n\t<div class=\"kyber-service-service-wrapper\">\t\t\t\t\r\n\t\t<div class=\"kyber-service-service-thumbnail-wrapper\">\r\n\t\t\t\t\t\t<div class=\"kyber-service-image-container\">\r\n\t\t\t\t\t\t\t\t\t<img decoding=\"async\" class=\"service-image\" src=\"https:\/\/elegant-chebyshev.89-116-26-191.plesk.page\/wp-content\/uploads\/2023\/07\/blog-01-600x340.jpg\" alt=\"Highway &amp; Road\">\r\n\t\t\t\t\t\t\t\t<\/div>\t\t\t\t\t\r\n\t\t<\/div>\r\n\t\t<div class=\"kyber-service-content-cover\">\r\n\t\t\t<div class=\"kyber-service-date\">\r\n\t\t\t\t\t\t\t<i class=\"flaticon-survey\"><\/i>\r\n\t\t\t\t\t\t\t<\/div>\r\n\t\t\t<div class=\"kyber-service-title\">\r\n\t\t\t\t<h3 class=\"service-title\">Highway &amp; Road<\/h3>\r\n\t\t\t<\/div>\r\n\t\t\t<div class=\"kyber-service-content\">\t\t\t\t\t\t\r\n\t\t\t\t<p>There are many construction project has the design has been completed available by the Professional<\/p>\n\t\t\t\t<a href=\"https:\/\/elegant-chebyshev.89-116-26-191.plesk.page\/index.php\/service\/highway-road\/\">Read More<\/a>\r\n\t\t\t<\/div>\r\n\t\t<\/div>\r\n\t<\/div>\r\n<\/div>\t\t<\/div>\r\n\t\t<\/div>\r\n\t\t<\/div>\r\n\t\t\t\t\t\t<\/div>\n\t\t\t\t<\/div>\n\t\t\t\t\t<\/div>\n\t\t<\/div>\n\t\t\t\t\t<\/div>\n\t\t<\/section>\n\t\t\t\t<\/div>\n\t\t","protected":false},"excerpt":{"rendered":"<p>Tunnel Survey There are many construction project has the design has been completed available by the Professional Read More 3D City Mapping There are many construction project has the design has been completed available by the Professional Read More Cadastral &amp; Land Plan There are many construction project has the design has been completed available [&hellip;]<\/p>\n","protected":false},"author":1,"featured_media":0,"parent":0,"menu_order":0,"comment_status":"closed","ping_status":"closed","template":"elementor_header_footer","meta":{"_monsterinsights_skip_tracking":false,"_monsterinsights_sitenote_active":false,"_monsterinsights_sitenote_note":"","_monsterinsights_sitenote_category":0,"footnotes":""},"class_list":["post-408","page","type-page","status-publish","hentry"],"aioseo_notices":[],"_links":{"self":[{"href":"https:\/\/elegant-chebyshev.89-116-26-191.plesk.page\/index.php\/wp-json\/wp\/v2\/pages\/408","targetHints":{"allow":["GET"]}}],"collection":[{"href":"https:\/\/elegant-chebyshev.89-116-26-191.plesk.page\/index.php\/wp-json\/wp\/v2\/pages"}],"about":[{"href":"https:\/\/elegant-chebyshev.89-116-26-191.plesk.page\/index.php\/wp-json\/wp\/v2\/types\/page"}],"author":[{"embeddable":true,"href":"https:\/\/elegant-chebyshev.89-116-26-191.plesk.page\/index.php\/wp-json\/wp\/v2\/users\/1"}],"replies":[{"embeddable":true,"href":"https:\/\/elegant-chebyshev.89-116-26-191.plesk.page\/index.php\/wp-json\/wp\/v2\/comments?post=408"}],"version-history":[{"count":0,"href":"https:\/\/elegant-chebyshev.89-116-26-191.plesk.page\/index.php\/wp-json\/wp\/v2\/pages\/408\/revisions"}],"wp:attachment":[{"href":"https:\/\/elegant-chebyshev.89-116-26-191.plesk.page\/index.php\/wp-json\/wp\/v2\/media?parent=408"}],"curies":[{"name":"wp","href":"https:\/\/api.w.org\/{rel}","templated":true}]}}